{"id":20,"date":"2026-01-08T17:48:07","date_gmt":"2026-01-08T17:48:07","guid":{"rendered":"http:\/\/blindee.cluster029.hosting.ovh.net\/index.php\/homepage\/"},"modified":"2026-02-20T19:45:21","modified_gmt":"2026-02-20T19:45:21","slug":"homepage","status":"publish","type":"page","link":"https:\/\/blinder.be\/","title":{"rendered":"Homepage"},"content":{"rendered":"\t\t<div data-elementor-type=\"wp-page\" data-elementor-id=\"20\" class=\"elementor elementor-20\" data-elementor-post-type=\"page\">\n\t\t\t\t<div class=\"elementor-element elementor-element-d4e2102 e-con-full elementor-hidden-desktop elementor-hidden-tablet elementor-hidden-mobile e-flex e-con e-parent\" data-id=\"d4e2102\" data-element_type=\"container\" data-settings=\"{&quot;background_background&quot;:&quot;classic&quot;}\">\n\t\t\t\t<div style=\"--langs:2\" class=\"elementor-element elementor-element-6edfbe9 cpel-switcher--layout-dropdown cpel-switcher--align-center elementor-fixed cpel-lv--yes cpel-switcher--drop-on-click cpel-switcher--drop-to-down elementor-widget elementor-widget-polylang-language-switcher\" data-id=\"6edfbe9\" data-element_type=\"widget\" data-settings=\"{&quot;_position&quot;:&quot;fixed&quot;}\" data-widget_type=\"polylang-language-switcher.default\">\n\t\t\t\t<div class=\"elementor-widget-container\">\n\t\t\t\t\t<nav class=\"cpel-switcher__nav\"><div class=\"cpel-switcher__toggle cpel-switcher__lang\" onclick=\"this.classList.toggle('cpel-switcher__toggle--on')\"><a lang=\"fr-BE\" hreflang=\"fr-BE\" href=\"https:\/\/blinder.be\/\"><span class=\"cpel-switcher__code\">FR<\/span><\/a><\/div><ul class=\"cpel-switcher__list\"><li class=\"cpel-switcher__lang\"><a lang=\"nl-BE\" hreflang=\"nl-BE\" href=\"https:\/\/blinder.be\/index.php\/nl\/elementor-257\/\"><span class=\"cpel-switcher__code\">NL<\/span><\/a><\/li><li class=\"cpel-switcher__lang\"><a lang=\"en-GB\" hreflang=\"en-GB\" href=\"https:\/\/blinder.be\/index.php\/en\/homepage-en\/\"><span class=\"cpel-switcher__code\">EN<\/span><\/a><\/li><\/ul><\/nav>\t\t\t\t<\/div>\n\t\t\t\t<\/div>\n\t\t\t\t<div class=\"elementor-element elementor-element-a4679a0 elementor-widget__width-initial elementor-widget elementor-widget-heading\" data-id=\"a4679a0\" data-element_type=\"widget\" data-widget_type=\"heading.default\">\n\t\t\t\t\t<h1 class=\"elementor-heading-title elementor-size-default\">Dr. Rapha\u00ebl Blinder<\/h1>\t\t\t\t<\/div>\n\t\t\t\t<div class=\"elementor-element elementor-element-14c6163 elementor-widget__width-initial elementor-widget elementor-widget-text-editor\" data-id=\"14c6163\" data-element_type=\"widget\" data-widget_type=\"text-editor.default\">\n\t\t\t\t\t\t\t\t\t<p>M\u00e9decin g\u00e9n\u00e9raliste<\/p>\t\t\t\t\t\t\t\t<\/div>\n\t\t\t\t<div class=\"elementor-element elementor-element-73deb9c elementor-widget__width-initial elementor-tablet-align-center elementor-widget elementor-widget-button\" data-id=\"73deb9c\" data-element_type=\"widget\" data-widget_type=\"button.default\">\n\t\t\t\t\t\t\t\t\t\t<a class=\"elementor-button elementor-button-link elementor-size-sm\" href=\"https:\/\/agenda.medispring.be\/rb-7687fd4e-cf69-4d10-97f6-88a0a1c5b26d\/ad6b68e5-299d-4a67-ab68-e5299d0a6758\">\n\t\t\t\t\t\t<span class=\"elementor-button-content-wrapper\">\n\t\t\t\t\t\t\t\t\t<span class=\"elementor-button-text\">Prendre rendez-vous<\/span>\n\t\t\t\t\t<\/span>\n\t\t\t\t\t<\/a>\n\t\t\t\t\t\t\t\t<\/div>\n\t\t\t\t<\/div>\n\t\t<div class=\"elementor-element elementor-element-ff10bae e-con-full e-flex e-con e-parent\" data-id=\"ff10bae\" data-element_type=\"container\" data-settings=\"{&quot;background_background&quot;:&quot;classic&quot;}\">\n\t\t\t\t<div style=\"--langs:2\" class=\"elementor-element elementor-element-b1c3989 cpel-switcher--layout-dropdown cpel-switcher--align-center elementor-fixed cpel-lv--yes cpel-switcher--drop-on-click cpel-switcher--drop-to-down elementor-widget elementor-widget-polylang-language-switcher\" data-id=\"b1c3989\" data-element_type=\"widget\" data-settings=\"{&quot;_position&quot;:&quot;fixed&quot;}\" data-widget_type=\"polylang-language-switcher.default\">\n\t\t\t\t<div class=\"elementor-widget-container\">\n\t\t\t\t\t<nav class=\"cpel-switcher__nav\"><div class=\"cpel-switcher__toggle cpel-switcher__lang\" onclick=\"this.classList.toggle('cpel-switcher__toggle--on')\"><a lang=\"fr-BE\" hreflang=\"fr-BE\" href=\"https:\/\/blinder.be\/\"><span class=\"cpel-switcher__code\">FR<\/span><\/a><\/div><ul class=\"cpel-switcher__list\"><li class=\"cpel-switcher__lang\"><a lang=\"nl-BE\" hreflang=\"nl-BE\" href=\"https:\/\/blinder.be\/index.php\/nl\/elementor-257\/\"><span class=\"cpel-switcher__code\">NL<\/span><\/a><\/li><li class=\"cpel-switcher__lang\"><a lang=\"en-GB\" hreflang=\"en-GB\" href=\"https:\/\/blinder.be\/index.php\/en\/homepage-en\/\"><span class=\"cpel-switcher__code\">EN<\/span><\/a><\/li><\/ul><\/nav>\t\t\t\t<\/div>\n\t\t\t\t<\/div>\n\t\t<div class=\"elementor-element elementor-element-d52eb31 e-flex e-con-boxed e-con e-child\" data-id=\"d52eb31\" data-element_type=\"container\">\n\t\t\t\t\t<div class=\"e-con-inner\">\n\t\t\t\t<div class=\"elementor-element elementor-element-5a12347 elementor-widget elementor-widget-image\" data-id=\"5a12347\" data-element_type=\"widget\" data-widget_type=\"image.default\">\n\t\t\t\t\t\t\t\t\t\t\t\t\t\t\t<img fetchpriority=\"high\" decoding=\"async\" width=\"800\" height=\"752\" src=\"https:\/\/blinder.be\/wp-content\/uploads\/2026\/02\/raphael-blinder-portrait-couleur-detoure-2-1024x962.webp\" class=\"attachment-large size-large wp-image-312\" alt=\"\" srcset=\"https:\/\/blinder.be\/wp-content\/uploads\/2026\/02\/raphael-blinder-portrait-couleur-detoure-2-1024x962.webp 1024w, https:\/\/blinder.be\/wp-content\/uploads\/2026\/02\/raphael-blinder-portrait-couleur-detoure-2-300x282.webp 300w, https:\/\/blinder.be\/wp-content\/uploads\/2026\/02\/raphael-blinder-portrait-couleur-detoure-2-768x722.webp 768w, https:\/\/blinder.be\/wp-content\/uploads\/2026\/02\/raphael-blinder-portrait-couleur-detoure-2.webp 1487w\" sizes=\"(max-width: 800px) 100vw, 800px\" \/>\t\t\t\t\t\t\t\t\t\t\t\t\t\t\t<\/div>\n\t\t\t\t\t<\/div>\n\t\t\t\t<\/div>\n\t\t<div class=\"elementor-element elementor-element-6f45d83 e-flex e-con-boxed e-con e-child\" data-id=\"6f45d83\" data-element_type=\"container\">\n\t\t\t\t\t<div class=\"e-con-inner\">\n\t\t\t\t<div class=\"elementor-element elementor-element-e1092d2 elementor-widget__width-initial elementor-widget elementor-widget-heading\" data-id=\"e1092d2\" data-element_type=\"widget\" data-widget_type=\"heading.default\">\n\t\t\t\t\t<h1 class=\"elementor-heading-title elementor-size-default\">Dr. Rapha\u00ebl Blinder<\/h1>\t\t\t\t<\/div>\n\t\t\t\t<div class=\"elementor-element elementor-element-e1f9ed1 elementor-widget__width-initial elementor-widget elementor-widget-text-editor\" data-id=\"e1f9ed1\" data-element_type=\"widget\" data-widget_type=\"text-editor.default\">\n\t\t\t\t\t\t\t\t\t<p>M\u00e9decin g\u00e9n\u00e9raliste<\/p>\t\t\t\t\t\t\t\t<\/div>\n\t\t\t\t<div class=\"elementor-element elementor-element-72b5755 elementor-widget__width-initial elementor-tablet-align-center elementor-widget elementor-widget-button\" data-id=\"72b5755\" data-element_type=\"widget\" data-widget_type=\"button.default\">\n\t\t\t\t\t\t\t\t\t\t<a class=\"elementor-button elementor-button-link elementor-size-sm\" href=\"https:\/\/agenda.medispring.be\/rb-7687fd4e-cf69-4d10-97f6-88a0a1c5b26d\/ad6b68e5-299d-4a67-ab68-e5299d0a6758\">\n\t\t\t\t\t\t<span class=\"elementor-button-content-wrapper\">\n\t\t\t\t\t\t\t\t\t<span class=\"elementor-button-text\">Prendre rendez-vous<\/span>\n\t\t\t\t\t<\/span>\n\t\t\t\t\t<\/a>\n\t\t\t\t\t\t\t\t<\/div>\n\t\t\t\t\t<\/div>\n\t\t\t\t<\/div>\n\t\t\t\t<\/div>\n\t\t<div class=\"elementor-element elementor-element-e538b97 elementor-hidden-tablet elementor-hidden-mobile e-flex e-con-boxed e-con e-parent\" data-id=\"e538b97\" data-element_type=\"container\">\n\t\t\t\t\t<div class=\"e-con-inner\">\n\t\t\t\t\t<\/div>\n\t\t\t\t<\/div>\n\t\t<div class=\"elementor-element elementor-element-7a5317e e-con-full e-flex e-con e-parent\" data-id=\"7a5317e\" data-element_type=\"container\" data-settings=\"{&quot;background_background&quot;:&quot;classic&quot;}\">\n\t\t<div class=\"elementor-element elementor-element-00ac9d8 e-con-full e-flex e-con e-child\" data-id=\"00ac9d8\" data-element_type=\"container\" id=\"coordonnees\" data-settings=\"{&quot;background_background&quot;:&quot;classic&quot;}\">\n\t\t<div class=\"elementor-element elementor-element-c0e8b44 e-con-full e-flex e-con e-child\" data-id=\"c0e8b44\" data-element_type=\"container\" data-settings=\"{&quot;background_background&quot;:&quot;gradient&quot;}\">\n\t\t<div class=\"elementor-element elementor-element-6e50fec e-con-full e-flex e-con e-child\" data-id=\"6e50fec\" data-element_type=\"container\">\n\t\t\t\t<div class=\"elementor-element elementor-element-8be220b elementor-widget elementor-widget-heading\" data-id=\"8be220b\" data-element_type=\"widget\" data-widget_type=\"heading.default\">\n\t\t\t\t\t<h2 class=\"elementor-heading-title elementor-size-default\">Coordonn\u00e9es<\/h2>\t\t\t\t<\/div>\n\t\t\t\t<\/div>\n\t\t<div class=\"elementor-element elementor-element-a507705 e-flex e-con-boxed e-con e-child\" data-id=\"a507705\" data-element_type=\"container\">\n\t\t\t\t\t<div class=\"e-con-inner\">\n\t\t\t\t<div class=\"elementor-element elementor-element-7b50367 elementor-view-stacked elementor-shape-circle elementor-widget elementor-widget-icon\" data-id=\"7b50367\" data-element_type=\"widget\" data-widget_type=\"icon.default\">\n\t\t\t\t\t\t\t<div class=\"elementor-icon-wrapper\">\n\t\t\t<div class=\"elementor-icon\">\n\t\t\t<svg aria-hidden=\"true\" class=\"e-font-icon-svg e-fas-map-marker-alt\" viewBox=\"0 0 384 512\" xmlns=\"http:\/\/www.w3.org\/2000\/svg\"><path d=\"M172.268 501.67C26.97 291.031 0 269.413 0 192 0 85.961 85.961 0 192 0s192 85.961 192 192c0 77.413-26.97 99.031-172.268 309.67-9.535 13.774-29.93 13.773-39.464 0zM192 272c44.183 0 80-35.817 80-80s-35.817-80-80-80-80 35.817-80 80 35.817 80 80 80z\"><\/path><\/svg>\t\t\t<\/div>\n\t\t<\/div>\n\t\t\t\t\t\t<\/div>\n\t\t\t\t<div class=\"elementor-element elementor-element-9b9c267 elementor-widget elementor-widget-text-editor\" data-id=\"9b9c267\" data-element_type=\"widget\" data-widget_type=\"text-editor.default\">\n\t\t\t\t\t\t\t\t\t<p><a href=\"https:\/\/www.google.com\/maps\/search\/?api=1&amp;query=Bd.+L.+Mettewie+264,+1080+Bruxelles\" target=\"_blank\" rel=\"noopener noreferrer\">Bd. L. Mettewie\u00a0264<br \/>1080\u00a0Bruxelles<br \/><\/a><\/p>\t\t\t\t\t\t\t\t<\/div>\n\t\t\t\t\t<\/div>\n\t\t\t\t<\/div>\n\t\t<div class=\"elementor-element elementor-element-91e0b1f e-con-full e-flex e-con e-child\" data-id=\"91e0b1f\" data-element_type=\"container\">\n\t\t<div class=\"elementor-element elementor-element-8be6376 e-con-full e-flex e-con e-child\" data-id=\"8be6376\" data-element_type=\"container\">\n\t\t\t\t<div class=\"elementor-element elementor-element-63663e6 elementor-view-stacked elementor-shape-circle elementor-widget elementor-widget-icon\" data-id=\"63663e6\" data-element_type=\"widget\" data-widget_type=\"icon.default\">\n\t\t\t\t\t\t\t<div class=\"elementor-icon-wrapper\">\n\t\t\t<div class=\"elementor-icon\">\n\t\t\t<svg aria-hidden=\"true\" class=\"e-font-icon-svg e-fas-envelope\" viewBox=\"0 0 512 512\" xmlns=\"http:\/\/www.w3.org\/2000\/svg\"><path d=\"M502.3 190.8c3.9-3.1 9.7-.2 9.7 4.7V400c0 26.5-21.5 48-48 48H48c-26.5 0-48-21.5-48-48V195.6c0-5 5.7-7.8 9.7-4.7 22.4 17.4 52.1 39.5 154.1 113.6 21.1 15.4 56.7 47.8 92.2 47.6 35.7.3 72-32.8 92.3-47.6 102-74.1 131.6-96.3 154-113.7zM256 320c23.2.4 56.6-29.2 73.4-41.4 132.7-96.3 142.8-104.7 173.4-128.7 5.8-4.5 9.2-11.5 9.2-18.9v-19c0-26.5-21.5-48-48-48H48C21.5 64 0 85.5 0 112v19c0 7.4 3.4 14.3 9.2 18.9 30.6 23.9 40.7 32.4 173.4 128.7 16.8 12.2 50.2 41.8 73.4 41.4z\"><\/path><\/svg>\t\t\t<\/div>\n\t\t<\/div>\n\t\t\t\t\t\t<\/div>\n\t\t\t\t<div class=\"elementor-element elementor-element-53535bf elementor-widget elementor-widget-text-editor\" data-id=\"53535bf\" data-element_type=\"widget\" data-widget_type=\"text-editor.default\">\n\t\t\t\t\t\t\t\t\t<a href=\"mailto:raphblinder@gmail.com\">raphblinder@gmail.com<\/a>\t\t\t\t\t\t\t\t<\/div>\n\t\t\t\t<\/div>\n\t\t<div class=\"elementor-element elementor-element-0af2553 e-con-full e-flex e-con e-child\" data-id=\"0af2553\" data-element_type=\"container\">\n\t\t\t\t<div class=\"elementor-element elementor-element-39d59df elementor-view-stacked elementor-shape-circle elementor-widget elementor-widget-icon\" data-id=\"39d59df\" data-element_type=\"widget\" data-widget_type=\"icon.default\">\n\t\t\t\t\t\t\t<div class=\"elementor-icon-wrapper\">\n\t\t\t<div class=\"elementor-icon\">\n\t\t\t<svg aria-hidden=\"true\" class=\"e-font-icon-svg e-fas-phone-alt\" viewBox=\"0 0 512 512\" xmlns=\"http:\/\/www.w3.org\/2000\/svg\"><path d=\"M497.39 361.8l-112-48a24 24 0 0 0-28 6.9l-49.6 60.6A370.66 370.66 0 0 1 130.6 204.11l60.6-49.6a23.94 23.94 0 0 0 6.9-28l-48-112A24.16 24.16 0 0 0 122.6.61l-104 24A24 24 0 0 0 0 48c0 256.5 207.9 464 464 464a24 24 0 0 0 23.4-18.6l24-104a24.29 24.29 0 0 0-14.01-27.6z\"><\/path><\/svg>\t\t\t<\/div>\n\t\t<\/div>\n\t\t\t\t\t\t<\/div>\n\t\t\t\t<div class=\"elementor-element elementor-element-cefbeaa elementor-widget elementor-widget-text-editor\" data-id=\"cefbeaa\" data-element_type=\"widget\" data-widget_type=\"text-editor.default\">\n\t\t\t\t\t\t\t\t\t<p><a href=\"tel:\">0475 20 10 12<\/a><\/p>\t\t\t\t\t\t\t\t<\/div>\n\t\t\t\t<\/div>\n\t\t\t\t<\/div>\n\t\t\t\t<\/div>\n\t\t\t\t<\/div>\n\t\t\t\t<\/div>\n\t\t<div class=\"elementor-element elementor-element-a60c47c e-con-full e-flex e-con e-parent\" data-id=\"a60c47c\" data-element_type=\"container\" id=\"info\" data-settings=\"{&quot;background_background&quot;:&quot;classic&quot;}\">\n\t\t\t\t<div class=\"elementor-element elementor-element-2faed99 elementor-widget elementor-widget-heading\" data-id=\"2faed99\" data-element_type=\"widget\" data-widget_type=\"heading.default\">\n\t\t\t\t\t<h2 class=\"elementor-heading-title elementor-size-default\">Informations utiles<\/h2>\t\t\t\t<\/div>\n\t\t\t\t<div class=\"elementor-element elementor-element-021e54e elementor-widget__width-initial elementor-widget elementor-widget-text-editor\" data-id=\"021e54e\" data-element_type=\"widget\" data-widget_type=\"text-editor.default\">\n\t\t\t\t\t\t\t\t\t<p><strong>Prises de sang<\/strong>:<\/p><ul><li>Veuillez venir \u00e0 jeun (sauf avis contraire), merci.<\/li><li>Une prise de sang n&rsquo;a d&rsquo;int\u00e9r\u00eat que si elle fait l&rsquo;objet d&rsquo;une discussion des r\u00e9sultats &#8211; de pr\u00e9f\u00e9rence au d\u00e9cours d&rsquo;une consultation.<\/li><\/ul><div>\u00a0<\/div><p><strong>Pharmacie de garde<\/strong>: <span class=\"s1\"><a href=\"https:\/\/www.pharmacie.be\/PharmacySearch\">pharmacie.be<\/a>\u00a0 \u00a0<\/span><\/p>\t\t\t\t\t\t\t\t<\/div>\n\t\t<div class=\"elementor-element elementor-element-62836df e-con-full e-flex e-con e-child\" data-id=\"62836df\" data-element_type=\"container\" id=\"honoraires\" data-settings=\"{&quot;background_background&quot;:&quot;classic&quot;}\">\n\t\t<div class=\"elementor-element elementor-element-96915c9 e-con-full e-flex e-con e-child\" data-id=\"96915c9\" data-element_type=\"container\" data-settings=\"{&quot;background_background&quot;:&quot;gradient&quot;}\">\n\t\t<div class=\"elementor-element elementor-element-6c6d0f8 e-con-full e-flex e-con e-child\" data-id=\"6c6d0f8\" data-element_type=\"container\">\n\t\t\t\t<div class=\"elementor-element elementor-element-bae0cbf elementor-widget elementor-widget-image\" data-id=\"bae0cbf\" data-element_type=\"widget\" data-widget_type=\"image.default\">\n\t\t\t\t\t\t\t\t\t\t\t\t\t\t\t<img decoding=\"async\" width=\"800\" height=\"555\" src=\"https:\/\/blinder.be\/wp-content\/uploads\/2026\/01\/facade-cleaned-1024x710.webp\" class=\"attachment-large size-large wp-image-119\" alt=\"Fa\u00e7ade du cabinet de consultation\" srcset=\"https:\/\/blinder.be\/wp-content\/uploads\/2026\/01\/facade-cleaned-1024x710.webp 1024w, https:\/\/blinder.be\/wp-content\/uploads\/2026\/01\/facade-cleaned-300x208.webp 300w, https:\/\/blinder.be\/wp-content\/uploads\/2026\/01\/facade-cleaned-768x533.webp 768w, https:\/\/blinder.be\/wp-content\/uploads\/2026\/01\/facade-cleaned-1536x1066.webp 1536w, https:\/\/blinder.be\/wp-content\/uploads\/2026\/01\/facade-cleaned-scaled.webp 1920w\" sizes=\"(max-width: 800px) 100vw, 800px\" \/>\t\t\t\t\t\t\t\t\t\t\t\t\t\t\t<\/div>\n\t\t\t\t<\/div>\n\t\t<div class=\"elementor-element elementor-element-3891c13 e-con-full elementor-hidden-desktop elementor-hidden-tablet elementor-hidden-mobile e-flex e-con e-child\" data-id=\"3891c13\" data-element_type=\"container\">\n\t\t\t\t<div class=\"elementor-element elementor-element-78be927 elementor-widget elementor-widget-heading\" data-id=\"78be927\" data-element_type=\"widget\" data-widget_type=\"heading.default\">\n\t\t\t\t\t<h2 class=\"elementor-heading-title elementor-size-default\">Honoraires<\/h2>\t\t\t\t<\/div>\n\t\t\t\t<div class=\"elementor-element elementor-element-0f5a0fc elementor-widget__width-inherit elementor-widget elementor-widget-text-editor\" data-id=\"0f5a0fc\" data-element_type=\"widget\" data-widget_type=\"text-editor.default\">\n\t\t\t\t\t\t\t\t\t<div>Ticket mod\u00e9rateur<\/div><div>\u00a0<\/div><div><strong>Consultation<\/strong>: assur\u00e9 normal 16\u20ac \u2014 <em>BIM 9\u20ac<\/em><\/div><div><p><strong>Visite \u00e0 domicile:<\/strong> assur\u00e9 normal 28\u20ac \u2014 <em>BIM 17\u20ac<\/em><\/p><\/div><div><p class=\"p1\"><span class=\"s1\">Annulation tardive (&lt; 24h) et no show: 25\u20ac\u00a0<\/span><\/p><\/div>\t\t\t\t\t\t\t\t<\/div>\n\t\t\t\t<\/div>\n\t\t\t\t<\/div>\n\t\t\t\t<\/div>\n\t\t\t\t<\/div>\n\t\t\t\t<\/div>\n\t\t","protected":false},"excerpt":{"rendered":"<p>D\u00e9couvrez le Dr. Rapha\u00ebl Blinder, votre m\u00e9decin g\u00e9n\u00e9raliste \u00e0 Bruxelles, pr\u00eat \u00e0 vous accompagner dans votre sant\u00e9. Situ\u00e9 au c\u0153ur de la ville, il offre des consultations personnalis\u00e9es et des visites \u00e0 domicile pour votre confort. Que ce soit pour une prise de sang ou des conseils m\u00e9dicaux, le Dr. Blinder s&rsquo;engage \u00e0 discuter des r\u00e9sultats avec vous lors de chaque consultation. N&rsquo;oubliez pas de prendre rendez-vous et de consulter les informations utiles sur les pharmacies de garde. Votre bien-\u00eatre est sa priorit\u00e9, alors n&rsquo;h\u00e9sitez pas \u00e0 le contacter pour toute question ou besoin de soins.<\/p>\n","protected":false},"author":1,"featured_media":311,"parent":0,"menu_order":0,"comment_status":"closed","ping_status":"closed","template":"","meta":{"footnotes":""},"class_list":["post-20","page","type-page","status-publish","has-post-thumbnail","hentry"],"_links":{"self":[{"href":"https:\/\/blinder.be\/index.php\/wp-json\/wp\/v2\/pages\/20","targetHints":{"allow":["GET"]}}],"collection":[{"href":"https:\/\/blinder.be\/index.php\/wp-json\/wp\/v2\/pages"}],"about":[{"href":"https:\/\/blinder.be\/index.php\/wp-json\/wp\/v2\/types\/page"}],"author":[{"embeddable":true,"href":"https:\/\/blinder.be\/index.php\/wp-json\/wp\/v2\/users\/1"}],"replies":[{"embeddable":true,"href":"https:\/\/blinder.be\/index.php\/wp-json\/wp\/v2\/comments?post=20"}],"version-history":[{"count":194,"href":"https:\/\/blinder.be\/index.php\/wp-json\/wp\/v2\/pages\/20\/revisions"}],"predecessor-version":[{"id":428,"href":"https:\/\/blinder.be\/index.php\/wp-json\/wp\/v2\/pages\/20\/revisions\/428"}],"wp:featuredmedia":[{"embeddable":true,"href":"https:\/\/blinder.be\/index.php\/wp-json\/wp\/v2\/media\/311"}],"wp:attachment":[{"href":"https:\/\/blinder.be\/index.php\/wp-json\/wp\/v2\/media?parent=20"}],"curies":[{"name":"wp","href":"https:\/\/api.w.org\/{rel}","templated":true}]}}